{"id":2192,"date":"2023-02-03T07:49:55","date_gmt":"2023-02-03T07:49:55","guid":{"rendered":"https:\/\/hbcup.ssvtaufers.com\/index.php\/logistica\/"},"modified":"2025-12-16T15:33:01","modified_gmt":"2025-12-16T15:33:01","slug":"ristorazione_alloggio","status":"publish","type":"page","link":"https:\/\/www.hbcup-suedtirol.eu\/it\/ristorazione_alloggio\/","title":{"rendered":"Catering e alloggi"},"content":{"rendered":"\t\t<div data-elementor-type=\"wp-page\" data-elementor-id=\"2192\" class=\"elementor elementor-2192 elementor-927\" data-elementor-post-type=\"page\">\n\t\t\t\t\t\t<section class=\"elementor-section elementor-top-section elementor-element elementor-element-687b00c elementor-section-full_width elementor-section-content-middle elementor-section-height-default elementor-section-height-default\" data-id=\"687b00c\" data-element_type=\"section\" data-e-type=\"section\">\n\t\t\t\t\t\t<div class=\"elementor-container elementor-column-gap-default\">\n\t\t\t\t\t<div class=\"elementor-column elementor-col-100 elementor-top-column elementor-element elementor-element-5a8609a\" data-id=\"5a8609a\" data-element_type=\"column\" data-e-type=\"column\">\n\t\t\t<div class=\"elementor-widget-wrap elementor-element-populated\">\n\t\t\t\t\t\t<div class=\"elementor-element elementor-element-b47c3e8 elementor-widget elementor-widget-spacer\" data-id=\"b47c3e8\" data-element_type=\"widget\" data-e-type=\"widget\" data-widget_type=\"spacer.default\">\n\t\t\t\t<div class=\"elementor-widget-container\">\n\t\t\t\t\t\t\t<div class=\"elementor-spacer\">\n\t\t\t<div class=\"elementor-spacer-inner\"><\/div>\n\t\t<\/div>\n\t\t\t\t\t\t<\/div>\n\t\t\t\t<\/div>\n\t\t\t\t<div class=\"elementor-element elementor-element-12f8f17 elementor-widget elementor-widget-heading\" data-id=\"12f8f17\" data-element_type=\"widget\" data-e-type=\"widget\" data-widget_type=\"heading.default\">\n\t\t\t\t<div class=\"elementor-widget-container\">\n\t\t\t\t\t<h1 class=\"elementor-heading-title elementor-size-default\">Ristorazione e alloggio HB-CUP S\u00dcDTIROL 2026<\/h1>\t\t\t\t<\/div>\n\t\t\t\t<\/div>\n\t\t\t\t\t<\/div>\n\t\t<\/div>\n\t\t\t\t\t<\/div>\n\t\t<\/section>\n\t\t\t\t<section class=\"elementor-section elementor-inner-section elementor-element elementor-element-fda4cab elementor-section-boxed elementor-section-height-default elementor-section-height-default\" data-id=\"fda4cab\" data-element_type=\"section\" data-e-type=\"section\">\n\t\t\t\t\t\t<div class=\"elementor-container elementor-column-gap-default\">\n\t\t\t\t\t<div class=\"elementor-column elementor-col-50 elementor-inner-column elementor-element elementor-element-21e6fac\" data-id=\"21e6fac\" data-element_type=\"column\" data-e-type=\"column\">\n\t\t\t<div class=\"elementor-widget-wrap elementor-element-populated\">\n\t\t\t\t\t\t<div class=\"elementor-element elementor-element-65b7b17 elementor-widget__width-initial elementor-widget elementor-widget-image\" data-id=\"65b7b17\" data-element_type=\"widget\" data-e-type=\"widget\" data-widget_type=\"image.default\">\n\t\t\t\t<div class=\"elementor-widget-container\">\n\t\t\t\t\t\t\t\t\t\t\t\t\t\t\t<img fetchpriority=\"high\" decoding=\"async\" width=\"768\" height=\"512\" src=\"https:\/\/www.hbcup-suedtirol.eu\/wp-content\/uploads\/2023\/11\/DSC00434-768x512.jpg\" class=\"attachment-medium_large size-medium_large wp-image-1271\" alt=\"\" srcset=\"https:\/\/www.hbcup-suedtirol.eu\/wp-content\/uploads\/2023\/11\/DSC00434-768x512.jpg 768w, https:\/\/www.hbcup-suedtirol.eu\/wp-content\/uploads\/2023\/11\/DSC00434-300x200.jpg 300w, https:\/\/www.hbcup-suedtirol.eu\/wp-content\/uploads\/2023\/11\/DSC00434-1030x687.jpg 1030w, https:\/\/www.hbcup-suedtirol.eu\/wp-content\/uploads\/2023\/11\/DSC00434-1536x1024.jpg 1536w, https:\/\/www.hbcup-suedtirol.eu\/wp-content\/uploads\/2023\/11\/DSC00434-2048x1365.jpg 2048w\" sizes=\"(max-width: 768px) 100vw, 768px\" \/>\t\t\t\t\t\t\t\t\t\t\t\t\t\t\t<\/div>\n\t\t\t\t<\/div>\n\t\t\t\t<div class=\"elementor-element elementor-element-57848e9 elementor-widget elementor-widget-image\" data-id=\"57848e9\" data-element_type=\"widget\" data-e-type=\"widget\" data-widget_type=\"image.default\">\n\t\t\t\t<div class=\"elementor-widget-container\">\n\t\t\t\t\t\t\t\t\t\t\t\t\t\t\t<img decoding=\"async\" width=\"768\" height=\"355\" src=\"https:\/\/www.hbcup-suedtirol.eu\/wp-content\/uploads\/2023\/11\/Slider-3-768x355.png\" class=\"attachment-medium_large size-medium_large wp-image-2200\" alt=\"\" srcset=\"https:\/\/www.hbcup-suedtirol.eu\/wp-content\/uploads\/2023\/11\/Slider-3-768x355.png 768w, https:\/\/www.hbcup-suedtirol.eu\/wp-content\/uploads\/2023\/11\/Slider-3-300x139.png 300w, https:\/\/www.hbcup-suedtirol.eu\/wp-content\/uploads\/2023\/11\/Slider-3-1030x476.png 1030w, https:\/\/www.hbcup-suedtirol.eu\/wp-content\/uploads\/2023\/11\/Slider-3-1536x709.png 1536w, https:\/\/www.hbcup-suedtirol.eu\/wp-content\/uploads\/2023\/11\/Slider-3-2048x946.png 2048w\" sizes=\"(max-width: 768px) 100vw, 768px\" \/>\t\t\t\t\t\t\t\t\t\t\t\t\t\t\t<\/div>\n\t\t\t\t<\/div>\n\t\t\t\t<div class=\"elementor-element elementor-element-70a9be5 elementor-widget elementor-widget-image\" data-id=\"70a9be5\" data-element_type=\"widget\" data-e-type=\"widget\" data-widget_type=\"image.default\">\n\t\t\t\t<div class=\"elementor-widget-container\">\n\t\t\t\t\t\t\t\t\t\t\t\t\t\t\t<img decoding=\"async\" width=\"768\" height=\"493\" src=\"https:\/\/www.hbcup-suedtirol.eu\/wp-content\/uploads\/2023\/11\/Slider-2-1-768x493.png\" class=\"attachment-medium_large size-medium_large wp-image-1280\" alt=\"\" srcset=\"https:\/\/www.hbcup-suedtirol.eu\/wp-content\/uploads\/2023\/11\/Slider-2-1-768x493.png 768w, https:\/\/www.hbcup-suedtirol.eu\/wp-content\/uploads\/2023\/11\/Slider-2-1-300x192.png 300w, https:\/\/www.hbcup-suedtirol.eu\/wp-content\/uploads\/2023\/11\/Slider-2-1-1030x661.png 1030w, https:\/\/www.hbcup-suedtirol.eu\/wp-content\/uploads\/2023\/11\/Slider-2-1-1536x986.png 1536w, https:\/\/www.hbcup-suedtirol.eu\/wp-content\/uploads\/2023\/11\/Slider-2-1.png 1783w\" sizes=\"(max-width: 768px) 100vw, 768px\" \/>\t\t\t\t\t\t\t\t\t\t\t\t\t\t\t<\/div>\n\t\t\t\t<\/div>\n\t\t\t\t<div class=\"elementor-element elementor-element-0ae1e42 elementor-widget elementor-widget-image\" data-id=\"0ae1e42\" data-element_type=\"widget\" data-e-type=\"widget\" data-widget_type=\"image.default\">\n\t\t\t\t<div class=\"elementor-widget-container\">\n\t\t\t\t\t\t\t\t\t\t\t\t\t\t\t<img loading=\"lazy\" decoding=\"async\" width=\"800\" height=\"533\" src=\"https:\/\/www.hbcup-suedtirol.eu\/wp-content\/uploads\/2024\/02\/DSC09995-1030x686-1.jpg\" class=\"attachment-large size-large wp-image-2524\" alt=\"\" srcset=\"https:\/\/www.hbcup-suedtirol.eu\/wp-content\/uploads\/2024\/02\/DSC09995-1030x686-1.jpg 1030w, https:\/\/www.hbcup-suedtirol.eu\/wp-content\/uploads\/2024\/02\/DSC09995-1030x686-1-300x200.jpg 300w, https:\/\/www.hbcup-suedtirol.eu\/wp-content\/uploads\/2024\/02\/DSC09995-1030x686-1-768x512.jpg 768w\" sizes=\"(max-width: 800px) 100vw, 800px\" \/>\t\t\t\t\t\t\t\t\t\t\t\t\t\t\t<\/div>\n\t\t\t\t<\/div>\n\t\t\t\t\t<\/div>\n\t\t<\/div>\n\t\t\t\t<div class=\"elementor-column elementor-col-50 elementor-inner-column elementor-element elementor-element-83fb455\" data-id=\"83fb455\" data-element_type=\"column\" data-e-type=\"column\">\n\t\t\t<div class=\"elementor-widget-wrap elementor-element-populated\">\n\t\t\t\t\t\t<div class=\"elementor-element elementor-element-845ad0a elementor-widget elementor-widget-text-editor\" data-id=\"845ad0a\" data-element_type=\"widget\" data-e-type=\"widget\" data-widget_type=\"text-editor.default\">\n\t\t\t\t<div class=\"elementor-widget-container\">\n\t\t\t\t\t\t\t\t\t<h6><b>Arrivo &#8211; Check In:<\/b><\/h6><p><span style=\"color: var( --e-global-color-text ); background-color: var( --e-global-color-07b2c5c ); letter-spacing: var( --e-global-typography-786ba9e-letter-spacing ); word-spacing: var( --e-global-typography-786ba9e-word-spacing );\">Venerd\u00ec 03.07.26 l&#8217;ufficio ricevimento sar\u00e0 aperto dalle 10:00 alle 19:00. Al momento del check-in riceverai <\/span><span style=\"background-color: var( --e-global-color-07b2c5c ); letter-spacing: var( --e-global-typography-786ba9e-letter-spacing ); word-spacing: var( --e-global-typography-786ba9e-word-spacing );\">a squadra riceve il pass per il torneo e tutti i documenti e le informazioni necessarie sul torneo. Il pagamento dell&#8217;alloggio, del catering e delle magliette viene effettuato al momento del check-in. In seguito    <\/span><span style=\"background-color: var( --e-global-color-07b2c5c ); color: var( --e-global-color-text ); letter-spacing: var( --e-global-typography-786ba9e-letter-spacing ); word-spacing: var( --e-global-typography-786ba9e-word-spacing );\">sarai accompagnato al tuo alloggio o al campeggio.  <\/span><\/p><p><strong><span style=\"background-color: var( --e-global-color-07b2c5c ); color: var( --e-global-color-text ); letter-spacing: var( --e-global-typography-786ba9e-letter-spacing ); word-spacing: var( --e-global-typography-786ba9e-word-spacing );\">IMPORTANTE:  <\/span><\/strong><\/p><ul><li><span style=\"background-color: var( --e-global-color-07b2c5c ); color: var( --e-global-color-text ); letter-spacing: var( --e-global-typography-786ba9e-letter-spacing ); word-spacing: var( --e-global-typography-786ba9e-word-spacing );\">I pagamenti in loco possono essere effettuati <span style=\"text-decoration: underline;\">solo in contanti<\/span> <\/span><\/li><li><span style=\"text-decoration: underline;\">Il check-in chiude alle 19:00<\/span>: ti chiediamo quindi di pianificare il tuo viaggio di conseguenza. Ti ricordiamo che durante il fine settimana del torneo il traffico \u00e8 generalmente intenso e si prevedono ingorghi. <\/li><li>I pass HBCup per le cene devono essere ritirati al momento del check-in &#8211; la <span style=\"text-decoration: underline;\">mensa dista circa 15 minuti a piedi dall&#8217;ufficio iscrizioni<\/span>, quindi ti preghiamo di prevedere un tempo sufficiente. Le cene prenotate che non possono essere utilizzate a causa di ritardi non saranno rimborsate e non potranno essere utilizzate in altri giorni. <\/li><li>La cerimonia di apertura si terr\u00e0 venerd\u00ec dalle 21.00 nel centro del paese di Sand in Taufers.<\/li><\/ul><h6> <\/h6><h6><span style=\"font-weight: bold;\">Alloggio:<\/span><\/h6><p>Le squadre provenienti dalla Germania e dall&#8217;estero vengono accompagnate alla reception per raggiungere l&#8217;alloggio prenotato. Le camere sono pronte per essere occupate dalle ore 10.00 del venerd\u00ec.  Se le squadre alloggiano in tenda, \u00e8 possibile arrivare anche prima del venerd\u00ec, previo accordo.<\/p><p><strong>Camere\/classi:<\/strong><\/p><ul><li>L&#8217;alloggio viene assegnato in base alla data di iscrizione.<\/li><li><div><b>IMPORTANTE<\/b>: questo tipo di alloggio pu\u00f2 essere prenotato solo con i seguenti pacchetti di ristorazione:<\/div><ul><li>HBCUP 1 &#8211; tutti i pasti<\/li><li>HBCUP 2 &#8211; Colazione e cena<\/li><li>HBCUP 3 &#8211; Colazione e pranzo<\/li><\/ul><\/li><li>Si tratta di grandi <span style=\"text-decoration: underline;\">dormitori misti<\/span>, quindi non \u00e8 possibile avere stanze separate per ogni squadra e sesso dello stesso club.<\/li><li>\u00c8 necessario portare con s\u00e9 i propri sacchi a pelo e materassini, che non vengono forniti dall&#8217;organizzatore.<\/li><li>Sono disponibili alloggi nei seguenti villaggi: M\u00fchlen a Taufers, Kematen a Taufers, Sand a Taufers, Luttach, St. Johann, Uttenheim, Gais, M\u00fchlwald<\/li><\/ul><div> <\/div><p><strong>Campeggio<\/strong><\/p><ul><li>\u00c8 necessario portare con s\u00e9 tende, sacchi a pelo e materassini: l&#8217;organizzatore non li fornisce.<\/li><li>Si tratta di un prato, non c&#8217;\u00e8 elettricit\u00e0 e non ci sono attrezzature per cucinare.<\/li><li>Sono disponibili servizi igienici (bagni e docce).<\/li><\/ul><div> <\/div><p><strong>Hotel su richiesta &#8211; circa 50\u20ac<\/strong><\/p><h6> <\/h6><h6> <\/h6><h6><span style=\"font-weight: bold;\">Catering:<\/span><\/h6><p>All&#8217;arrivo, ogni squadra ricever\u00e0 delle tessere di riconoscimento del torneo in base ai pasti ordinati, che verranno controllate al momento della somministrazione dei pasti. I tesserini non devono essere smarriti: non ci si assume alcuna responsabilit\u00e0 in caso di smarrimento e i pasti potrebbero dover essere acquistati di nuovo. <\/p><p>Sono disponibili i seguenti pacchetti di catering:<\/p><ul><li>HBCUP 1 (tutti i pasti)<\/li><li>HBCUP 2 (colazione e cena)<\/li><li>HBCUP 3 (colazione e pranzo)<\/li><li>HBCUP 4 (pranzo e cena)<\/li><li>HBCUP 5 (solo colazione)<\/li><li>NIENTE RISTORAZIONE<\/li><\/ul><div> <\/div><p><strong>Pacchetti di catering:<\/strong><\/p>\t\t\t\t\t\t\t\t<\/div>\n\t\t\t\t<\/div>\n\t\t\t\t<div class=\"elementor-element elementor-element-8594376 elementor-widget-divider--view-line elementor-widget elementor-widget-divider\" data-id=\"8594376\" data-element_type=\"widget\" data-e-type=\"widget\" data-widget_type=\"divider.default\">\n\t\t\t\t<div class=\"elementor-widget-container\">\n\t\t\t\t\t\t\t<div class=\"elementor-divider\">\n\t\t\t<span class=\"elementor-divider-separator\">\n\t\t\t\t\t\t<\/span>\n\t\t<\/div>\n\t\t\t\t\t\t<\/div>\n\t\t\t\t<\/div>\n\t\t\t\t<div class=\"elementor-element elementor-element-0ee3269 elementor-widget elementor-widget-html\" data-id=\"0ee3269\" data-element_type=\"widget\" data-e-type=\"widget\" data-widget_type=\"html.default\">\n\t\t\t\t<div class=\"elementor-widget-container\">\n\t\t\t\t\t<table>\r\n  <thead>\r\n    <tr>\r\n      <th><\/th>\r\n      <th>HBCUP 1<\/th>\r\n      <th>HBCUP 2<\/th>\r\n      <th>HBCUP 3<\/th>\r\n      <th>HBCUP 4<\/th>\r\n      <th>HBCUP 5<\/th>\r\n      <th><\/th>\r\n    <\/tr>\r\n  <\/thead>\r\n\r\n  <tbody>\r\n    <tr>\r\n      <td><\/td>\r\n      <td>tutti i pasti<\/td>\r\n      <td>Colazione e cena<\/td>\r\n      <td>Colazione e pranzo<\/td>\r\n      <td>Pranzo e cena<\/td>\r\n      <td>Solo colazione<\/td>\r\n      <td>Nessuna ristorazione<\/td>\r\n    <\/tr>\r\n\r\n    <tr>\r\n      <td>Venerd\u00ec sera<\/td>\r\n      <td><img decoding=\"async\" src=\"\/wp-content\/uploads\/2025\/12\/ok.png\" alt=\"ok\"><\/td>\r\n      <td><img decoding=\"async\" src=\"\/wp-content\/uploads\/2025\/12\/ok.png\" alt=\"ok\"><\/td>\r\n      <td><img decoding=\"async\" src=\"\/wp-content\/uploads\/2025\/12\/ko.png\" alt=\"no\"><\/td>\r\n      <td><img decoding=\"async\" src=\"\/wp-content\/uploads\/2025\/12\/ok.png\" alt=\"ok\"><\/td>\r\n      <td><img decoding=\"async\" src=\"\/wp-content\/uploads\/2025\/12\/ko.png\" alt=\"no\"><\/td>\r\n      <td><img decoding=\"async\" src=\"\/wp-content\/uploads\/2025\/12\/ko.png\" alt=\"no\"><\/td>\r\n    <\/tr>\r\n\r\n    <tr>\r\n      <td>Colazione del sabato<\/td>\r\n      <td><img decoding=\"async\" src=\"\/wp-content\/uploads\/2025\/12\/ok.png\" alt=\"ok\"><\/td>\r\n      <td><img decoding=\"async\" src=\"\/wp-content\/uploads\/2025\/12\/ok.png\" alt=\"ok\"><\/td>\r\n      <td><img decoding=\"async\" src=\"\/wp-content\/uploads\/2025\/12\/ok.png\" alt=\"ok\"><\/td>\r\n      <td><img decoding=\"async\" src=\"\/wp-content\/uploads\/2025\/12\/ko.png\" alt=\"no\"><\/td>\r\n      <td><img decoding=\"async\" src=\"\/wp-content\/uploads\/2025\/12\/ok.png\" alt=\"ok\"><\/td>\r\n      <td><img decoding=\"async\" src=\"\/wp-content\/uploads\/2025\/12\/ko.png\" alt=\"no\"><\/td>\r\n    <\/tr>\r\n\r\n    <tr>\r\n      <td>Sabato a mezzogiorno<\/td>\r\n      <td><img decoding=\"async\" src=\"\/wp-content\/uploads\/2025\/12\/ok.png\" alt=\"ok\"><\/td>\r\n      <td><img decoding=\"async\" src=\"\/wp-content\/uploads\/2025\/12\/ko.png\" alt=\"no\"><\/td>\r\n      <td><img decoding=\"async\" src=\"\/wp-content\/uploads\/2025\/12\/ok.png\" alt=\"ok\"><\/td>\r\n      <td><img decoding=\"async\" src=\"\/wp-content\/uploads\/2025\/12\/ok.png\" alt=\"ok\"><\/td>\r\n      <td><img decoding=\"async\" src=\"\/wp-content\/uploads\/2025\/12\/ko.png\" alt=\"no\"><\/td>\r\n      <td><img decoding=\"async\" src=\"\/wp-content\/uploads\/2025\/12\/ko.png\" alt=\"no\"><\/td>\r\n    <\/tr>\r\n\r\n    <tr>\r\n      <td>Sabato sera<\/td>\r\n      <td><img decoding=\"async\" src=\"\/wp-content\/uploads\/2025\/12\/ok.png\" alt=\"ok\"><\/td>\r\n      <td><img decoding=\"async\" src=\"\/wp-content\/uploads\/2025\/12\/ok.png\" alt=\"ok\"><\/td>\r\n      <td><img decoding=\"async\" src=\"\/wp-content\/uploads\/2025\/12\/ko.png\" alt=\"no\"><\/td>\r\n      <td><img decoding=\"async\" src=\"\/wp-content\/uploads\/2025\/12\/ok.png\" alt=\"ok\"><\/td>\r\n      <td><img decoding=\"async\" src=\"\/wp-content\/uploads\/2025\/12\/ko.png\" alt=\"no\"><\/td>\r\n      <td><img decoding=\"async\" src=\"\/wp-content\/uploads\/2025\/12\/ko.png\" alt=\"no\"><\/td>\r\n    <\/tr>\r\n\r\n    <tr>\r\n      <td>Colazione della domenica<\/td>\r\n      <td><img decoding=\"async\" src=\"\/wp-content\/uploads\/2025\/12\/ok.png\" alt=\"ok\"><\/td>\r\n      <td><img decoding=\"async\" src=\"\/wp-content\/uploads\/2025\/12\/ok.png\" alt=\"ok\"><\/td>\r\n      <td><img decoding=\"async\" src=\"\/wp-content\/uploads\/2025\/12\/ok.png\" alt=\"ok\"><\/td>\r\n      <td><img decoding=\"async\" src=\"\/wp-content\/uploads\/2025\/12\/ko.png\" alt=\"no\"><\/td>\r\n      <td><img decoding=\"async\" src=\"\/wp-content\/uploads\/2025\/12\/ok.png\" alt=\"ok\"><\/td>\r\n      <td><img decoding=\"async\" src=\"\/wp-content\/uploads\/2025\/12\/ko.png\" alt=\"no\"><\/td>\r\n    <\/tr>\r\n\r\n    <tr>\r\n      <td>Domenica a pranzo<\/td>\r\n      <td><img decoding=\"async\" src=\"\/wp-content\/uploads\/2025\/12\/ok.png\" alt=\"ok\"><\/td>\r\n      <td><img decoding=\"async\" src=\"\/wp-content\/uploads\/2025\/12\/ko.png\" alt=\"no\"><\/td>\r\n      <td><img decoding=\"async\" src=\"\/wp-content\/uploads\/2025\/12\/ok.png\" alt=\"ok\"><\/td>\r\n      <td><img decoding=\"async\" src=\"\/wp-content\/uploads\/2025\/12\/ok.png\" alt=\"ok\"><\/td>\r\n      <td><img decoding=\"async\" src=\"\/wp-content\/uploads\/2025\/12\/ko.png\" alt=\"no\"><\/td>\r\n      <td><img decoding=\"async\" src=\"\/wp-content\/uploads\/2025\/12\/ko.png\" alt=\"no\"><\/td>\r\n    <\/tr>\r\n\r\n    <tr>\r\n      <td colspan=\"7\"><strong>Prezzi (a persona)<\/strong><\/td>\r\n    <\/tr>\r\n\r\n    <tr>\r\n      <td>con il tipo di alloggio <strong>AULA<\/strong><\/td>\r\n      <td>85 \u20ac<\/td>\r\n      <td>non prenotabile<\/td>\r\n      <td>non prenotabile<\/td>\r\n      <td>non prenotabile<\/td>\r\n      <td>non prenotabile<\/td>\r\n      <td>non prenotabile<\/td>\r\n    <\/tr>\r\n\r\n    <tr>\r\n      <td>con tipo di alloggio <strong>TENDA<\/strong><\/td>\r\n      <td>70 \u20ac<\/td>\r\n      <td>50 \u20ac<\/td>\r\n      <td>50 \u20ac<\/td>\r\n      <td>55 \u20ac<\/td>\r\n      <td>35 \u20ac<\/td>\r\n      <td>25 \u20ac<\/td>\r\n    <\/tr>\r\n\r\n    <tr>\r\n      <td>albergo o <strong>senza alloggio<\/strong><\/td>\r\n      <td>55 \u20ac<\/td>\r\n      <td>45 \u20ac<\/td>\r\n      <td>45 \u20ac<\/td>\r\n      <td>50 \u20ac<\/td>\r\n      <td>15 \u20ac<\/td>\r\n      <td>25 \u20ac<\/td>\r\n    <\/tr>\r\n  <\/tbody>\r\n<\/table>\r\n\t\t\t\t<\/div>\n\t\t\t\t<\/div>\n\t\t\t\t<div class=\"elementor-element elementor-element-308eed1 elementor-widget__width-initial elementor-widget elementor-widget-text-editor\" data-id=\"308eed1\" data-element_type=\"widget\" data-e-type=\"widget\" data-widget_type=\"text-editor.default\">\n\t\t\t\t<div class=\"elementor-widget-container\">\n\t\t\t\t\t\t\t\t\t<h6>&nbsp;<\/h6>\n<h6><span style=\"font-weight: bold;\">Giochi:<\/span><\/h6>\n<ul>\n<li><span style=\"color: var( --e-global-color-text ); background-color: var( --e-global-color-07b2c5c ); letter-spacing: var( --e-global-typography-786ba9e-letter-spacing ); word-spacing: var( --e-global-typography-786ba9e-word-spacing );\">Sabato, le partite iniziano alle 8.00 sul campo artificiale di M\u00fchlen in Taufers. La partita si svolge senza interruzioni fino alle 20.00 circa.  <\/span><\/li>\n<li><span style=\"color: var( --e-global-color-text ); background-color: var( --e-global-color-07b2c5c ); letter-spacing: var( --e-global-typography-786ba9e-letter-spacing ); word-spacing: var( --e-global-typography-786ba9e-word-spacing );\">Domenica, le partite delle eliminatorie inizieranno alle 8.30 circa, mentre le finali e le partite di piazzamento avranno luogo a partire dalle 12.00. La cerimonia di premiazione inizier\u00e0 al pi\u00f9 tardi alle 14.30. <\/span><\/li>\n<\/ul>\n<h6>&nbsp;<\/h6>\n<h6>&nbsp;<\/h6>\n<h6><span style=\"font-weight: bold;\">Campi da gioco:<\/span><\/h6>\n<p>Le piazzole gratuite si trovano a M\u00fchlen in Taufers.<\/p>\n<p>In caso di pioggia, le partite saranno divise tra due palazzetti dello sport:<\/p>\n<ul>\n<li>Tutte le partite sui campi 3, 4 e 5 saranno disputate nella palestra della scuola media.<\/li>\n<li>Le partite dei campi 1 e 2 si giocheranno nel palazzetto dello sport Sportzone.&nbsp;<\/li>\n<\/ul>\n<h6>&nbsp;<\/h6>\n<h6>&nbsp;<\/h6>\n<h6><span style=\"font-weight: bold;\">Opzioni di trasferimento:<\/span><\/h6>\n<p>Verr\u00e0 messo a disposizione un bus navetta per tutta la durata del torneo (sab. e dom., 06.30 &#8211; 24.00).<\/p>\n<h6>&nbsp;<\/h6>\n<h6>&nbsp;<\/h6>\n<h6><span style=\"font-weight: bold;\">Attivit\u00e0 di svago:<\/span><\/h6>\n<ul>\n<li>Laghetto naturale a cascata<\/li>\n<li><a href=\"https:\/\/www.outdooractive.com\/de\/route\/wanderung\/venediger-gruppe\/reinbachfaelle-und-burg-taufers\/22636732\/\">\n  <u>Escursione<\/u>\n<\/a> al Castello di Tures o alle cascate di Reinbach<u><\/u><\/li>\n<li><a href=\"https:\/\/www.fly-line-wasserfall.eu\/\">\n  <u>Linea di volo<\/u>\n<\/a> alle cascate<\/li>\n<li><a href=\"https:\/\/www.rafting-club-activ.com\/\"><u>Rafting<\/u> <\/a>sull&#8217;Ahr<\/li>\n<li>In alto, a 2.000 metri sul livello del mare, sulla nostra <a href=\"https:\/\/www.skiworldahrntal.it\/de\/sommer\">\n  <u>montagna locale Speikboden<\/u>\n<\/a><\/li>\n<li><a href=\"https:\/\/www.skiworldahrntal.it\/de\/360erlebnis\/action\/klausberg-flitzer\"><u>Alpine Coaster Klausberg<\/u><\/a><\/li>\n<\/ul>\t\t\t\t\t\t\t\t<\/div>\n\t\t\t\t<\/div>\n\t\t\t\t\t<\/div>\n\t\t<\/div>\n\t\t\t\t\t<\/div>\n\t\t<\/section>\n\t\t\t\t<\/div>\n\t\t","protected":false},"excerpt":{"rendered":"<p>Ristorazione e alloggio HB-CUP S\u00dcDTIROL 2026 Arrivo &#8211; Check In: Venerd\u00ec 03.07.26 l&#8217;ufficio ricevimento sar\u00e0 aperto dalle 10:00 alle 19:00. Al momento del check-in riceverai a squadra riceve il pass per il torneo e tutti i documenti e le informazioni necessarie sul torneo. Il pagamento dell&#8217;alloggio, del catering e delle magliette viene effettuato al momento [&hellip;]<\/p>\n","protected":false},"author":2,"featured_media":0,"parent":0,"menu_order":0,"comment_status":"closed","ping_status":"closed","template":"","meta":{"footnotes":""},"class_list":["post-2192","page","type-page","status-publish","hentry"],"jetpack_sharing_enabled":true,"_links":{"self":[{"href":"https:\/\/www.hbcup-suedtirol.eu\/it\/wp-json\/wp\/v2\/pages\/2192","targetHints":{"allow":["GET"]}}],"collection":[{"href":"https:\/\/www.hbcup-suedtirol.eu\/it\/wp-json\/wp\/v2\/pages"}],"about":[{"href":"https:\/\/www.hbcup-suedtirol.eu\/it\/wp-json\/wp\/v2\/types\/page"}],"author":[{"embeddable":true,"href":"https:\/\/www.hbcup-suedtirol.eu\/it\/wp-json\/wp\/v2\/users\/2"}],"replies":[{"embeddable":true,"href":"https:\/\/www.hbcup-suedtirol.eu\/it\/wp-json\/wp\/v2\/comments?post=2192"}],"version-history":[{"count":36,"href":"https:\/\/www.hbcup-suedtirol.eu\/it\/wp-json\/wp\/v2\/pages\/2192\/revisions"}],"predecessor-version":[{"id":3508,"href":"https:\/\/www.hbcup-suedtirol.eu\/it\/wp-json\/wp\/v2\/pages\/2192\/revisions\/3508"}],"wp:attachment":[{"href":"https:\/\/www.hbcup-suedtirol.eu\/it\/wp-json\/wp\/v2\/media?parent=2192"}],"curies":[{"name":"wp","href":"https:\/\/api.w.org\/{rel}","templated":true}]}}